{"id":2295,"date":"2015-12-17T19:04:11","date_gmt":"2015-12-17T18:04:11","guid":{"rendered":"http:\/\/cartamundi.com\/technical\/?lang=de"},"modified":"2019-10-16T13:02:45","modified_gmt":"2019-10-16T11:02:45","slug":"technical","status":"publish","type":"page","link":"https:\/\/agm.ch\/de\/technical\/","title":{"rendered":"Technische Spezifikationen"},"content":{"rendered":"","protected":false},"excerpt":{"rendered":"","protected":false},"author":1,"featured_media":0,"parent":0,"menu_order":15,"comment_status":"closed","ping_status":"closed","template":"page-technical.php","meta":[],"pure_taxonomies":[],"acf":{"product":[{"name":"Allgemeines","description":"Herzlichen Dank, dass Sie sich f\u00fcr AGM\u00fcller als Partner f\u00fcr die Produktion Ihres Karten- oder Brettspiels entschieden haben.<br \/>\r\n<br \/>\r\nAuf dieser Seite finden Sie unsere Anweisungen f\u00fcr die \u00dcbermittlung Ihrer digitalen Dateien. <br \/>\r\nDie nachstehenden Richtlinien stellen sicher, dass Sie Ihr Material korrekt zusammenstellen und an uns senden k\u00f6nnen. So werden sp\u00e4tere \u00c4nderungen und Zusatzkosten vermieden.<br \/>\r\nZur Vorbereitung Ihres grafischen Materials k\u00f6nnen Sie die Vorlagen f\u00fcr die am h\u00e4ufigsten verwendeten Verpackungsoptionen und die verschiedenen Kartenformate frei herunterladen. <br \/>\r\nFehlt Ihr Kartenformat oder Ihre Verpackungsoption in unserer Liste? Wenden Sie sich an uns - wir helfen Ihnen gerne weiter!<br \/>\r\n","group_of_files":[{"name":"Anweisungen","files":[{"name":"Instructions PDF","description":"Corporate branding Cartamundi specifications (in English)","file":{"ID":930,"id":930,"title":"1508021_IC_CorporateBrandingCM_Website_Specs","filename":"1508021_IC_CorporateBrandingCM_Website_Specs.pdf","url":"https:\/\/agm.ch\/app\/uploads\/2015\/12\/1508021_IC_CorporateBrandingCM_Website_Specs.pdf","alt":"","author":"1","description":"Corporate Branding Specifications Cartamundi","caption":"","name":"1508021_ic_corporatebrandingcm_website_specs","date":"2016-01-07 22:08:23","modified":"2018-01-09 08:38:23","mime_type":"application\/pdf","type":"application","icon":"https:\/\/agm.ch\/wp\/wp-includes\/images\/media\/document.png"}}]}]},{"name":"Stanzumrisse Karten","description":"Thank you for choosing Cartamundi as your partner to produce your card- or boardgame.<br \/>\r\n<br \/>\r\nOn this page we give you instructions on how to deliver your digital files. <br \/>\r\nThe following guidelines will ensure that you can correctly compile and send us your material. This will avoid any necessary adjustments and additional costs.<br \/>\r\n<br \/>\r\nThe templates of the most used packaging options as well as the different card formats are free to download to prepare your graphic material. <br \/>\r\nIs your card format or packaging option missing in our list? Than get in touch with us so we can help you further.","group_of_files":[{"name":"Templates","files":[{"name":"Jass & Piquet PDF","description":"57x89","file":{"ID":924,"id":924,"title":"Suisse_57x89","filename":"Suisse_57x89.pdf","url":"https:\/\/agm.ch\/app\/uploads\/2015\/12\/Suisse_57x89.pdf","alt":"","author":"1","description":"Suisse Size Cards Cartamundi die line","caption":"","name":"suisse_57x89-2","date":"2016-01-07 22:05:58","modified":"2018-01-09 08:38:25","mime_type":"application\/pdf","type":"application","icon":"https:\/\/agm.ch\/wp\/wp-includes\/images\/media\/document.png"}},{"name":"Jass & Piquet INDD","description":"57x89","file":{"ID":923,"id":923,"title":"Suisse_57x89","filename":"Suisse_57x89.indd","url":"https:\/\/agm.ch\/app\/uploads\/2015\/12\/Suisse_57x89.indd","alt":"","author":"1","description":"Suisse cards dielines Cartamundi","caption":"","name":"suisse_57x89","date":"2016-01-07 22:05:57","modified":"2018-01-09 08:38:25","mime_type":"application\/postscript","type":"application","icon":"https:\/\/agm.ch\/wp\/wp-includes\/images\/media\/default.png"}},{"name":"Bridge\/Promotions-Format PDF","description":"56x87","file":{"ID":905,"id":905,"title":"Bridge_56x87-2","filename":"Bridge_56x87-2.pdf","url":"https:\/\/agm.ch\/app\/uploads\/2015\/12\/Bridge_56x87-2.pdf","alt":"","author":"1","description":"Bridge Playing Cards Dieline Tuckbox","caption":"","name":"bridge_56x87-2","date":"2016-01-07 22:05:44","modified":"2018-01-09 08:38:25","mime_type":"application\/pdf","type":"application","icon":"https:\/\/agm.ch\/wp\/wp-includes\/images\/media\/document.png"}},{"name":"Bridge\/Promotions-Format INDD","description":"56x87","file":{"ID":906,"id":906,"title":"Bridge_56x87","filename":"Bridge_56x87.indd","url":"https:\/\/agm.ch\/app\/uploads\/2015\/12\/Bridge_56x87.indd","alt":"","author":"1","description":"Bridge Playing Cards Template Cards","caption":"","name":"bridge_56x87","date":"2016-01-07 22:05:45","modified":"2018-01-09 08:38:25","mime_type":"application\/postscript","type":"application","icon":"https:\/\/agm.ch\/wp\/wp-includes\/images\/media\/default.png"}},{"name":"Poker PDF","description":"63x88","file":{"ID":916,"id":916,"title":"poker_63x88","filename":"poker_63x88.pdf","url":"https:\/\/agm.ch\/app\/uploads\/2015\/12\/poker_63x88.pdf","alt":"","author":"1","description":"Poker Playing Cards Dieline Cartamundi","caption":"","name":"poker_63x88-2","date":"2016-01-07 22:05:52","modified":"2018-01-09 08:38:25","mime_type":"application\/pdf","type":"application","icon":"https:\/\/agm.ch\/wp\/wp-includes\/images\/media\/document.png"}},{"name":"Poker INDD","description":"63x88","file":{"ID":915,"id":915,"title":"poker_63x88","filename":"poker_63x88.indd","url":"https:\/\/agm.ch\/app\/uploads\/2015\/12\/poker_63x88.indd","alt":"","author":"1","description":"Poker Playing Cards Dieline Cartamundi","caption":"","name":"poker_63x88","date":"2016-01-07 22:05:51","modified":"2018-01-09 08:38:25","mime_type":"application\/postscript","type":"application","icon":"https:\/\/agm.ch\/wp\/wp-includes\/images\/media\/default.png"}},{"name":"Quartett\/Skat PDF","description":"59x91","file":{"ID":920,"id":920,"title":"Skat_59x91","filename":"Skat_59x91.pdf","url":"https:\/\/agm.ch\/app\/uploads\/2015\/12\/Skat_59x91.pdf","alt":"","author":"1","description":"Skat Playing Cards Dieline Cards","caption":"","name":"skat_59x91-2","date":"2016-01-07 22:05:55","modified":"2018-01-09 08:38:25","mime_type":"application\/pdf","type":"application","icon":"https:\/\/agm.ch\/wp\/wp-includes\/images\/media\/document.png"}},{"name":"Quartett\/Skat INDD","description":"59x91","file":{"ID":919,"id":919,"title":"Skat_59x91","filename":"Skat_59x91.indd","url":"https:\/\/agm.ch\/app\/uploads\/2015\/12\/Skat_59x91.indd","alt":"","author":"1","description":"Skat Playing Cards Dieline Cartamundi","caption":"","name":"skat_59x91","date":"2016-01-07 22:05:54","modified":"2018-01-09 08:38:25","mime_type":"application\/postscript","type":"application","icon":"https:\/\/agm.ch\/wp\/wp-includes\/images\/media\/default.png"}},{"name":"Quartett gross PDF","description":"62x100","file":{"ID":911,"id":911,"title":"Kwartet_62x100-2","filename":"Kwartet_62x100-2.pdf","url":"https:\/\/agm.ch\/app\/uploads\/2015\/12\/Kwartet_62x100-2.pdf","alt":"","author":"1","description":"Happy Families Card Game Template","caption":"","name":"kwartet_62x100-2","date":"2016-01-07 22:05:48","modified":"2018-01-09 08:38:25","mime_type":"application\/pdf","type":"application","icon":"https:\/\/agm.ch\/wp\/wp-includes\/images\/media\/document.png"}},{"name":"Quartett gross INDD","description":"62x100","file":{"ID":912,"id":912,"title":"Kwartet_62x100","filename":"Kwartet_62x100.indd","url":"https:\/\/agm.ch\/app\/uploads\/2015\/12\/Kwartet_62x100.indd","alt":"","author":"1","description":"Happy Families Card Game Template","caption":"","name":"kwartet_62x100","date":"2016-01-07 22:05:49","modified":"2018-01-09 08:38:25","mime_type":"application\/postscript","type":"application","icon":"https:\/\/agm.ch\/wp\/wp-includes\/images\/media\/default.png"}},{"name":"Tarot PDF","description":"61x112","file":{"ID":926,"id":926,"title":"Tarot_61x112","filename":"Tarot_61x112.pdf","url":"https:\/\/agm.ch\/app\/uploads\/2015\/12\/Tarot_61x112.pdf","alt":"","author":"1","description":"Tarot Cards Dieline Cartamundi","caption":"","name":"tarot_61x112-2","date":"2016-01-07 22:05:59","modified":"2018-01-09 08:38:24","mime_type":"application\/pdf","type":"application","icon":"https:\/\/agm.ch\/wp\/wp-includes\/images\/media\/document.png"}},{"name":"Tarot INDD","description":"61x112","file":{"ID":925,"id":925,"title":"Tarot_61x112","filename":"Tarot_61x112.indd","url":"https:\/\/agm.ch\/app\/uploads\/2015\/12\/Tarot_61x112.indd","alt":"","author":"1","description":"Tarot cards die line Cartamundi","caption":"","name":"tarot_61x112","date":"2016-01-07 22:05:58","modified":"2018-01-09 08:38:25","mime_type":"application\/postscript","type":"application","icon":"https:\/\/agm.ch\/wp\/wp-includes\/images\/media\/default.png"}}]}]},{"name":"Stanzumrisse Kartonfaltschachtel","description":"Thank you for choosing Cartamundi as your partner to produce your card- or boardgame.<br \/>\r\n<br \/>\r\nOn this page we give you instructions on how to deliver your digital files. <br \/>\r\nThe following guidelines will ensure that you can correctly compile and send us your material. This will avoid any necessary adjustments and additional costs.<br \/>\r\n<br \/>\r\nThe templates of the most used packaging options as well as the different card formats are free to download to prepare your graphic material. <br \/>\r\nIs your card format or packaging option missing in our list? Than get in touch with us so we can help you further.","group_of_files":[{"name":"Templates","files":[{"name":"Jass & Piquet PDF","description":"","file":{"ID":910,"id":910,"title":"Jass_1028 temp","filename":"Jass_1028-temp.pdf","url":"https:\/\/agm.ch\/app\/uploads\/2015\/12\/Jass_1028-temp.pdf","alt":"","author":"1","description":"Jass Playing Cards Packaging Template","caption":"","name":"jass_1028-temp-2","date":"2016-01-07 22:05:48","modified":"2018-01-09 08:38:23","mime_type":"application\/pdf","type":"application","icon":"https:\/\/agm.ch\/wp\/wp-includes\/images\/media\/document.png"}},{"name":"Jass & Piquet INDD","description":"","file":{"ID":909,"id":909,"title":"Jass_1028 temp","filename":"Jass_1028-temp.indd","url":"https:\/\/agm.ch\/app\/uploads\/2015\/12\/Jass_1028-temp.indd","alt":"","author":"1","description":"Jass Playing Cards Packaging","caption":"","name":"jass_1028-temp","date":"2016-01-07 22:05:47","modified":"2018-01-09 08:38:23","mime_type":"application\/postscript","type":"application","icon":"https:\/\/agm.ch\/wp\/wp-includes\/images\/media\/default.png"}},{"name":"Bridge\/Promotions-Format PDF","description":"","file":{"ID":908,"id":908,"title":"Bridge_1027 Temp","filename":"Bridge_1027-Temp.pdf","url":"https:\/\/agm.ch\/app\/uploads\/2015\/12\/Bridge_1027-Temp.pdf","alt":"","author":"1","description":"Bridge Size Playing Cards Template Packaging","caption":"","name":"bridge_1027-temp-2","date":"2016-01-07 22:05:46","modified":"2018-01-09 08:38:23","mime_type":"application\/pdf","type":"application","icon":"https:\/\/agm.ch\/wp\/wp-includes\/images\/media\/document.png"}},{"name":"Bridge\/Promotions-Format INDD","description":"","file":{"ID":907,"id":907,"title":"Bridge_1027 Temp","filename":"Bridge_1027-Temp.indd","url":"https:\/\/agm.ch\/app\/uploads\/2015\/12\/Bridge_1027-Temp.indd","alt":"","author":"1","description":"Bridge Playing Cards Dieline Tuckbox","caption":"","name":"bridge_1027-temp","date":"2016-01-07 22:05:45","modified":"2018-01-09 08:38:23","mime_type":"application\/postscript","type":"application","icon":"https:\/\/agm.ch\/wp\/wp-includes\/images\/media\/default.png"}},{"name":"Poker PDF","description":"","file":{"ID":918,"id":918,"title":"Poker_1004 temp","filename":"Poker_1004-temp.pdf","url":"https:\/\/agm.ch\/app\/uploads\/2015\/12\/Poker_1004-temp.pdf","alt":"","author":"1","description":"Poker Playing Cards Packaging Dieline","caption":"","name":"poker_1004-temp-2","date":"2016-01-07 22:05:53","modified":"2018-01-09 08:38:23","mime_type":"application\/pdf","type":"application","icon":"https:\/\/agm.ch\/wp\/wp-includes\/images\/media\/document.png"}},{"name":"Poker Indesign","description":"","file":{"ID":917,"id":917,"title":"Poker_1004 temp","filename":"Poker_1004-temp.indd","url":"https:\/\/agm.ch\/app\/uploads\/2015\/12\/Poker_1004-temp.indd","alt":"","author":"1","description":"Poker Playing Cards Tuckbox Dieline","caption":"","name":"poker_1004-temp","date":"2016-01-07 22:05:52","modified":"2018-01-09 08:38:23","mime_type":"application\/postscript","type":"application","icon":"https:\/\/agm.ch\/wp\/wp-includes\/images\/media\/default.png"}},{"name":"Quartett\/Skat PDF","description":"","file":{"ID":922,"id":922,"title":"Skat_1009 temp","filename":"Skat_1009-temp.pdf","url":"https:\/\/agm.ch\/app\/uploads\/2015\/12\/Skat_1009-temp.pdf","alt":"","author":"1","description":"Skat Cards Dieline Packaging Cartamundi","caption":"","name":"skat_1009-temp","date":"2016-01-07 22:05:56","modified":"2018-01-09 08:38:24","mime_type":"application\/pdf","type":"application","icon":"https:\/\/agm.ch\/wp\/wp-includes\/images\/media\/document.png"}},{"name":"Quartett\/Skat Indesign","description":"","file":{"ID":921,"id":921,"title":"Skat_1009 temp-2","filename":"Skat_1009-temp-2.indd","url":"https:\/\/agm.ch\/app\/uploads\/2015\/12\/Skat_1009-temp-2.indd","alt":"","author":"1","description":"Skat packaging dieline","caption":"","name":"skat_1009-temp-2","date":"2016-01-07 22:05:55","modified":"2018-01-09 08:38:24","mime_type":"application\/postscript","type":"application","icon":"https:\/\/agm.ch\/wp\/wp-includes\/images\/media\/default.png"}},{"name":"Tarot PDF","description":"","file":{"ID":928,"id":928,"title":"Tarot_1106 temp","filename":"Tarot_1106-temp.pdf","url":"https:\/\/agm.ch\/app\/uploads\/2015\/12\/Tarot_1106-temp.pdf","alt":"","author":"1","description":"PDF packaging Dieline Tarot","caption":"","name":"tarot_1106-temp-2","date":"2016-01-07 22:06:00","modified":"2018-01-09 08:38:24","mime_type":"application\/pdf","type":"application","icon":"https:\/\/agm.ch\/wp\/wp-includes\/images\/media\/document.png"}},{"name":"Tarot Indesign","description":"","file":{"ID":927,"id":927,"title":"Tarot_1106 temp","filename":"Tarot_1106-temp.indd","url":"https:\/\/agm.ch\/app\/uploads\/2015\/12\/Tarot_1106-temp.indd","alt":"","author":"1","description":"Dieline Tarot Packaging Cartamundi","caption":"","name":"tarot_1106-temp","date":"2016-01-07 22:06:00","modified":"2018-01-09 08:38:24","mime_type":"application\/postscript","type":"application","icon":"https:\/\/agm.ch\/wp\/wp-includes\/images\/media\/default.png"}}]},{"name":"","files":false}]}],"cta_text":"K\u00f6nnen wir Ihn helfen?","cta_button_text":"Kontakt","cta_link":"https:\/\/agm.ch\/de\/contact\/","choose_title":"Produkt","send_title":"Wie k\u00f6nnen Sie uns Ihr grafisches Material \u00fcbermitteln?","how_to_info":"Sie haben Ihr grafisches Material fertiggestellt? Toll! Nun k\u00f6nnen Sie die Dateien direkt an Ihren Verkaufs-Ansprechpartner senden, der Ihre Dateien an die richtige Person weiterleitet und die Produktion in die Wege leitet.","call_to_action":{"cta_text":"K\u00f6nnen wir Ihn helfen?","cta_button_text":"Kontakt","cta_link":"https:\/\/agm.ch\/de\/contact\/"}},"_links":{"self":[{"href":"https:\/\/agm.ch\/de\/wp-json\/wp\/v2\/pages\/2295"}],"collection":[{"href":"https:\/\/agm.ch\/de\/wp-json\/wp\/v2\/pages"}],"about":[{"href":"https:\/\/agm.ch\/de\/wp-json\/wp\/v2\/types\/page"}],"author":[{"embeddable":true,"href":"https:\/\/agm.ch\/de\/wp-json\/wp\/v2\/users\/1"}],"replies":[{"embeddable":true,"href":"https:\/\/agm.ch\/de\/wp-json\/wp\/v2\/comments?post=2295"}],"version-history":[{"count":12,"href":"https:\/\/agm.ch\/de\/wp-json\/wp\/v2\/pages\/2295\/revisions"}],"predecessor-version":[{"id":30781,"href":"https:\/\/agm.ch\/de\/wp-json\/wp\/v2\/pages\/2295\/revisions\/30781"}],"wp:attachment":[{"href":"https:\/\/agm.ch\/de\/wp-json\/wp\/v2\/media?parent=2295"}],"curies":[{"name":"wp","href":"https:\/\/api.w.org\/{rel}","templated":true}]}}