{"id":2294,"date":"2015-12-17T19:04:11","date_gmt":"2015-12-17T18:04:11","guid":{"rendered":"http:\/\/cartamundi.com\/technical\/?lang=fr"},"modified":"2018-02-01T16:55:48","modified_gmt":"2018-02-01T15:55:48","slug":"technical","status":"publish","type":"page","link":"https:\/\/agm.ch\/fr\/technical\/","title":{"rendered":"Sp\u00e9cifications Techniques"},"content":{"rendered":"","protected":false},"excerpt":{"rendered":"","protected":false},"author":1,"featured_media":0,"parent":0,"menu_order":16,"comment_status":"closed","ping_status":"closed","template":"page-technical.php","meta":[],"pure_taxonomies":[],"acf":{"product":[{"name":"G\u00e9n\u00e9ralit\u00e9s","description":"Nous vous remercions d\u2019avoir choisi AGM\u00fcller comme partenaire pour la production de votre jeu de cartes ou de soci\u00e9t\u00e9.<br \/>\r\n<br \/>\r\nVous trouverez sur cette page les instructions pour le t\u00e9l\u00e9chargement des fichiers num\u00e9riques.<br \/>\r\nCes instructions vous permettront de rassembler et nous envoyer vos fichiers sans que ceux-ci ne doivent \u00eatre ajust\u00e9s ni que vous deviez payer des frais suppl\u00e9mentaires.<br \/>\r\nVous pouvez t\u00e9l\u00e9charger gratuitement les mod\u00e8les d\u2019emballage et les formats de cartes les plus fr\u00e9quemment utilis\u00e9s afin de pr\u00e9parer votre mat\u00e9riel graphique.<br \/>\r\nN\u2019h\u00e9sitez pas \u00e0 nous contacter si vous ne trouvez pas votre format ou votre option d\u2019emballage dans notre liste.<br \/>\r\n","group_of_files":[{"name":"Instructions","files":[{"name":"Instructions PDF","description":"Corporate branding Cartamundi specifications (en anglais)","file":{"ID":930,"id":930,"title":"1508021_IC_CorporateBrandingCM_Website_Specs","filename":"1508021_IC_CorporateBrandingCM_Website_Specs.pdf","url":"https:\/\/agm.ch\/app\/uploads\/2015\/12\/1508021_IC_CorporateBrandingCM_Website_Specs.pdf","alt":"","author":"1","description":"Corporate Branding Specifications Cartamundi","caption":"","name":"1508021_ic_corporatebrandingcm_website_specs","date":"2016-01-07 22:08:23","modified":"2018-01-09 08:38:23","mime_type":"application\/pdf","type":"application","icon":"https:\/\/agm.ch\/wp\/wp-includes\/images\/media\/document.png"}}]}]},{"name":"Cartes","description":"Thank you for choosing Cartamundi as your partner to produce your card- or boardgame.<br \/>\r\n<br \/>\r\nOn this page we give you instructions on how to deliver your digital files. <br \/>\r\nThe following guidelines will ensure that you can correctly compile and send us your material. This will avoid any necessary adjustments and additional costs.<br \/>\r\n<br \/>\r\nThe templates of the most used packaging options as well as the different card formats are free to download to prepare your graphic material. <br \/>\r\nIs your card format or packaging option missing in our list? Than get in touch with us so we can help you further.","group_of_files":[{"name":"Gabarits","files":[{"name":"Jass Piquet (Indesign)","description":"","file":{"ID":5011,"id":5011,"title":"57x89-jass-piket-template","filename":"57x89-jass-piket-template.indd","url":"https:\/\/agm.ch\/app\/uploads\/57x89-jass-piket-template.indd","alt":"","author":"12","description":"","caption":"","name":"57x89-jass-piket-template","date":"2016-10-18 14:29:14","modified":"2016-10-18 14:29:14","mime_type":"application\/postscript","type":"application","icon":"https:\/\/agm.ch\/wp\/wp-includes\/images\/media\/default.png"}},{"name":"Jass Piquet (PDF)","description":"","file":{"ID":5013,"id":5013,"title":"57x89-jass-piket-template","filename":"57x89-jass-piket-template.pdf","url":"https:\/\/agm.ch\/app\/uploads\/57x89-jass-piket-template.pdf","alt":"","author":"12","description":"","caption":"","name":"57x89-jass-piket-template-2","date":"2016-10-18 14:29:17","modified":"2016-10-18 14:29:17","mime_type":"application\/pdf","type":"application","icon":"https:\/\/agm.ch\/wp\/wp-includes\/images\/media\/document.png"}},{"name":"Suisse PDF","description":"","file":{"ID":924,"id":924,"title":"Suisse_57x89","filename":"Suisse_57x89.pdf","url":"https:\/\/agm.ch\/app\/uploads\/2015\/12\/Suisse_57x89.pdf","alt":"","author":"1","description":"Suisse Size Cards Cartamundi die line","caption":"","name":"suisse_57x89-2","date":"2016-01-07 22:05:58","modified":"2018-01-09 08:38:25","mime_type":"application\/pdf","type":"application","icon":"https:\/\/agm.ch\/wp\/wp-includes\/images\/media\/document.png"}},{"name":"Suisse Indesign","description":"","file":{"ID":923,"id":923,"title":"Suisse_57x89","filename":"Suisse_57x89.indd","url":"https:\/\/agm.ch\/app\/uploads\/2015\/12\/Suisse_57x89.indd","alt":"","author":"1","description":"Suisse cards dielines Cartamundi","caption":"","name":"suisse_57x89","date":"2016-01-07 22:05:57","modified":"2018-01-09 08:38:25","mime_type":"application\/postscript","type":"application","icon":"https:\/\/agm.ch\/wp\/wp-includes\/images\/media\/default.png"}},{"name":"Skat PDF","description":"","file":{"ID":920,"id":920,"title":"Skat_59x91","filename":"Skat_59x91.pdf","url":"https:\/\/agm.ch\/app\/uploads\/2015\/12\/Skat_59x91.pdf","alt":"","author":"1","description":"Skat Playing Cards Dieline Cards","caption":"","name":"skat_59x91-2","date":"2016-01-07 22:05:55","modified":"2018-01-09 08:38:25","mime_type":"application\/pdf","type":"application","icon":"https:\/\/agm.ch\/wp\/wp-includes\/images\/media\/document.png"}},{"name":"Skat Indesign","description":"","file":{"ID":919,"id":919,"title":"Skat_59x91","filename":"Skat_59x91.indd","url":"https:\/\/agm.ch\/app\/uploads\/2015\/12\/Skat_59x91.indd","alt":"","author":"1","description":"Skat Playing Cards Dieline Cartamundi","caption":"","name":"skat_59x91","date":"2016-01-07 22:05:54","modified":"2018-01-09 08:38:25","mime_type":"application\/postscript","type":"application","icon":"https:\/\/agm.ch\/wp\/wp-includes\/images\/media\/default.png"}},{"name":"Poker PDF","description":"","file":{"ID":916,"id":916,"title":"poker_63x88","filename":"poker_63x88.pdf","url":"https:\/\/agm.ch\/app\/uploads\/2015\/12\/poker_63x88.pdf","alt":"","author":"1","description":"Poker Playing Cards Dieline Cartamundi","caption":"","name":"poker_63x88-2","date":"2016-01-07 22:05:52","modified":"2018-01-09 08:38:25","mime_type":"application\/pdf","type":"application","icon":"https:\/\/agm.ch\/wp\/wp-includes\/images\/media\/document.png"}},{"name":"Poker Indesign","description":"","file":{"ID":915,"id":915,"title":"poker_63x88","filename":"poker_63x88.indd","url":"https:\/\/agm.ch\/app\/uploads\/2015\/12\/poker_63x88.indd","alt":"","author":"1","description":"Poker Playing Cards Dieline Cartamundi","caption":"","name":"poker_63x88","date":"2016-01-07 22:05:51","modified":"2018-01-09 08:38:25","mime_type":"application\/postscript","type":"application","icon":"https:\/\/agm.ch\/wp\/wp-includes\/images\/media\/default.png"}},{"name":"Patience PDF","description":"","file":{"ID":914,"id":914,"title":"Patience_42x63","filename":"Patience_42x63.pdf","url":"https:\/\/agm.ch\/app\/uploads\/2015\/12\/Patience_42x63.pdf","alt":"","author":"1","description":"Patience Playing Cards Template","caption":"","name":"patience_42x63-2","date":"2016-01-07 22:05:50","modified":"2018-01-09 08:38:25","mime_type":"application\/pdf","type":"application","icon":"https:\/\/agm.ch\/wp\/wp-includes\/images\/media\/document.png"}},{"name":"Patience Indesign","description":"","file":{"ID":913,"id":913,"title":"Patience_42x63","filename":"Patience_42x63.indd","url":"https:\/\/agm.ch\/app\/uploads\/2015\/12\/Patience_42x63.indd","alt":"","author":"1","description":"Patience Playing Cards Template","caption":"","name":"patience_42x63","date":"2016-01-07 22:05:50","modified":"2018-01-09 08:38:25","mime_type":"application\/postscript","type":"application","icon":"https:\/\/agm.ch\/wp\/wp-includes\/images\/media\/default.png"}},{"name":"Jeu de Familles Indesign","description":"","file":{"ID":912,"id":912,"title":"Kwartet_62x100","filename":"Kwartet_62x100.indd","url":"https:\/\/agm.ch\/app\/uploads\/2015\/12\/Kwartet_62x100.indd","alt":"","author":"1","description":"Happy Families Card Game Template","caption":"","name":"kwartet_62x100","date":"2016-01-07 22:05:49","modified":"2018-01-09 08:38:25","mime_type":"application\/postscript","type":"application","icon":"https:\/\/agm.ch\/wp\/wp-includes\/images\/media\/default.png"}},{"name":"Jeu de Familles PDF","description":"","file":{"ID":911,"id":911,"title":"Kwartet_62x100-2","filename":"Kwartet_62x100-2.pdf","url":"https:\/\/agm.ch\/app\/uploads\/2015\/12\/Kwartet_62x100-2.pdf","alt":"","author":"1","description":"Happy Families Card Game Template","caption":"","name":"kwartet_62x100-2","date":"2016-01-07 22:05:48","modified":"2018-01-09 08:38:25","mime_type":"application\/pdf","type":"application","icon":"https:\/\/agm.ch\/wp\/wp-includes\/images\/media\/document.png"}},{"name":"Bridge Indesign","description":"","file":{"ID":906,"id":906,"title":"Bridge_56x87","filename":"Bridge_56x87.indd","url":"https:\/\/agm.ch\/app\/uploads\/2015\/12\/Bridge_56x87.indd","alt":"","author":"1","description":"Bridge Playing Cards Template Cards","caption":"","name":"bridge_56x87","date":"2016-01-07 22:05:45","modified":"2018-01-09 08:38:25","mime_type":"application\/postscript","type":"application","icon":"https:\/\/agm.ch\/wp\/wp-includes\/images\/media\/default.png"}},{"name":"Bridge PDF","description":"","file":{"ID":905,"id":905,"title":"Bridge_56x87-2","filename":"Bridge_56x87-2.pdf","url":"https:\/\/agm.ch\/app\/uploads\/2015\/12\/Bridge_56x87-2.pdf","alt":"","author":"1","description":"Bridge Playing Cards Dieline Tuckbox","caption":"","name":"bridge_56x87-2","date":"2016-01-07 22:05:44","modified":"2018-01-09 08:38:25","mime_type":"application\/pdf","type":"application","icon":"https:\/\/agm.ch\/wp\/wp-includes\/images\/media\/document.png"}}]},{"name":"","files":false}]},{"name":"Boites","description":"Thank you for choosing Cartamundi as your partner to produce your card- or boardgame.<br \/>\r\n<br \/>\r\nOn this page we give you instructions on how to deliver your digital files. <br \/>\r\nThe following guidelines will ensure that you can correctly compile and send us your material. This will avoid any necessary adjustments and additional costs.<br \/>\r\n<br \/>\r\nThe templates of the most used packaging options as well as the different card formats are free to download to prepare your graphic material. <br \/>\r\nIs your card format or packaging option missing in our list? Than get in touch with us so we can help you further.","group_of_files":[{"name":"Gabarits","files":[{"name":"Jass","description":"1028","file":{"ID":910,"id":910,"title":"Jass_1028 temp","filename":"Jass_1028-temp.pdf","url":"https:\/\/agm.ch\/app\/uploads\/2015\/12\/Jass_1028-temp.pdf","alt":"","author":"1","description":"Jass Playing Cards Packaging Template","caption":"","name":"jass_1028-temp-2","date":"2016-01-07 22:05:48","modified":"2018-01-09 08:38:23","mime_type":"application\/pdf","type":"application","icon":"https:\/\/agm.ch\/wp\/wp-includes\/images\/media\/document.png"}},{"name":"Jass","description":"1028","file":{"ID":909,"id":909,"title":"Jass_1028 temp","filename":"Jass_1028-temp.indd","url":"https:\/\/agm.ch\/app\/uploads\/2015\/12\/Jass_1028-temp.indd","alt":"","author":"1","description":"Jass Playing Cards Packaging","caption":"","name":"jass_1028-temp","date":"2016-01-07 22:05:47","modified":"2018-01-09 08:38:23","mime_type":"application\/postscript","type":"application","icon":"https:\/\/agm.ch\/wp\/wp-includes\/images\/media\/default.png"}},{"name":"Skat","description":"1009","file":{"ID":922,"id":922,"title":"Skat_1009 temp","filename":"Skat_1009-temp.pdf","url":"https:\/\/agm.ch\/app\/uploads\/2015\/12\/Skat_1009-temp.pdf","alt":"","author":"1","description":"Skat Cards Dieline Packaging Cartamundi","caption":"","name":"skat_1009-temp","date":"2016-01-07 22:05:56","modified":"2018-01-09 08:38:24","mime_type":"application\/pdf","type":"application","icon":"https:\/\/agm.ch\/wp\/wp-includes\/images\/media\/document.png"}},{"name":"Skat","description":"1009","file":{"ID":921,"id":921,"title":"Skat_1009 temp-2","filename":"Skat_1009-temp-2.indd","url":"https:\/\/agm.ch\/app\/uploads\/2015\/12\/Skat_1009-temp-2.indd","alt":"","author":"1","description":"Skat packaging dieline","caption":"","name":"skat_1009-temp-2","date":"2016-01-07 22:05:55","modified":"2018-01-09 08:38:24","mime_type":"application\/postscript","type":"application","icon":"https:\/\/agm.ch\/wp\/wp-includes\/images\/media\/default.png"}},{"name":"Poker","description":"1004","file":{"ID":918,"id":918,"title":"Poker_1004 temp","filename":"Poker_1004-temp.pdf","url":"https:\/\/agm.ch\/app\/uploads\/2015\/12\/Poker_1004-temp.pdf","alt":"","author":"1","description":"Poker Playing Cards Packaging Dieline","caption":"","name":"poker_1004-temp-2","date":"2016-01-07 22:05:53","modified":"2018-01-09 08:38:23","mime_type":"application\/pdf","type":"application","icon":"https:\/\/agm.ch\/wp\/wp-includes\/images\/media\/document.png"}},{"name":"Bridge","description":"1027","file":{"ID":908,"id":908,"title":"Bridge_1027 Temp","filename":"Bridge_1027-Temp.pdf","url":"https:\/\/agm.ch\/app\/uploads\/2015\/12\/Bridge_1027-Temp.pdf","alt":"","author":"1","description":"Bridge Size Playing Cards Template Packaging","caption":"","name":"bridge_1027-temp-2","date":"2016-01-07 22:05:46","modified":"2018-01-09 08:38:23","mime_type":"application\/pdf","type":"application","icon":"https:\/\/agm.ch\/wp\/wp-includes\/images\/media\/document.png"}},{"name":"Bridge","description":"1027","file":{"ID":907,"id":907,"title":"Bridge_1027 Temp","filename":"Bridge_1027-Temp.indd","url":"https:\/\/agm.ch\/app\/uploads\/2015\/12\/Bridge_1027-Temp.indd","alt":"","author":"1","description":"Bridge Playing Cards Dieline Tuckbox","caption":"","name":"bridge_1027-temp","date":"2016-01-07 22:05:45","modified":"2018-01-09 08:38:23","mime_type":"application\/postscript","type":"application","icon":"https:\/\/agm.ch\/wp\/wp-includes\/images\/media\/default.png"}}]}]}],"cta_text":"Nous pouvons vous aider?","cta_button_text":"Contactez nous","cta_link":"https:\/\/agm.ch\/fr\/contact\/","choose_title":"Votre produit","send_title":"Comment nous envoyer votre mat\u00e9riel graphique ?","how_to_info":"Si vos documents graphiques sont pr\u00eats, vous pouvez les envoyer directement \u00e0 votre repr\u00e9sentant commercial qui transmettra vos fichiers au service appropri\u00e9 et lancera le processus de production.","call_to_action":{"cta_text":"Nous pouvons vous aider?","cta_button_text":"Contactez nous","cta_link":"https:\/\/agm.ch\/fr\/contact\/"}},"_links":{"self":[{"href":"https:\/\/agm.ch\/fr\/wp-json\/wp\/v2\/pages\/2294"}],"collection":[{"href":"https:\/\/agm.ch\/fr\/wp-json\/wp\/v2\/pages"}],"about":[{"href":"https:\/\/agm.ch\/fr\/wp-json\/wp\/v2\/types\/page"}],"author":[{"embeddable":true,"href":"https:\/\/agm.ch\/fr\/wp-json\/wp\/v2\/users\/1"}],"replies":[{"embeddable":true,"href":"https:\/\/agm.ch\/fr\/wp-json\/wp\/v2\/comments?post=2294"}],"version-history":[{"count":10,"href":"https:\/\/agm.ch\/fr\/wp-json\/wp\/v2\/pages\/2294\/revisions"}],"predecessor-version":[{"id":7986,"href":"https:\/\/agm.ch\/fr\/wp-json\/wp\/v2\/pages\/2294\/revisions\/7986"}],"wp:attachment":[{"href":"https:\/\/agm.ch\/fr\/wp-json\/wp\/v2\/media?parent=2294"}],"curies":[{"name":"wp","href":"https:\/\/api.w.org\/{rel}","templated":true}]}}